{"id":14,"date":"2019-07-23T14:32:07","date_gmt":"2019-07-23T14:32:07","guid":{"rendered":"http:\/\/liesenfeld-media.de\/?page_id=14"},"modified":"2021-06-30T09:08:54","modified_gmt":"2021-06-30T09:08:54","slug":"shop","status":"publish","type":"page","link":"https:\/\/liesenfeld-media.de\/?page_id=14","title":{"rendered":"Shop"},"content":{"rendered":"\n<p><strong>Unseren Ebay Shop erreichen Sie hier:<\/strong><\/p>\n\n\n\n<p class=\"has-luminous-vivid-amber-color has-vivid-cyan-blue-background-color has-text-color has-background\"><a href=\"https:\/\/www.ebay.de\/str\/liesenfeldmedia?_trksid=p2047675.l2563\"><strong>Liesenfeld Media Shop<\/strong><\/a><\/p>\n\n\n\n<p>Wir versuchen stetig unser Angebot zu erweitern und freuen uns immer auf Vorschl\u00e4ge welche Produkte wir in unseren Shop aufnehmen sollten.<\/p>\n\n\n\n<p>Sollten Sie gr\u00f6\u00dfere Mengen ben\u00f6tigen oder suchen etwas was wir nicht in unserem Shop haben, schreiben Sie uns einfach an.<\/p>\n\n\n\n<p><strong>Bei gr\u00f6\u00dferen Bestellmengen oder individuellen Angeboten:<\/strong><\/p>\n\n\n\n<div class=\"wp-block-buttons is-layout-flex wp-block-buttons-is-layout-flex\">\n<div class=\"wp-block-button is-style-fill\"><a class=\"wp-block-button__link has-luminous-vivid-amber-color has-vivid-cyan-blue-background-color has-text-color has-background\" href=\"mailto:info@liesenfeld-media.de\">Angebote &amp; Bestellungen<\/a><\/div>\n<\/div>\n\n\n\n<p><strong>Bei Anregungen rund um unseren Ebay Shop und das Sortiment:<\/strong><\/p>\n\n\n\n<div class=\"wp-block-buttons is-layout-flex wp-block-buttons-is-layout-flex\">\n<div class=\"wp-block-button is-style-fill\"><a class=\"wp-block-button__link has-luminous-vivid-amber-color has-vivid-cyan-blue-background-color has-text-color has-background\" href=\"mailto:ebay@liesenfeld-media.de\">Anregungen zu unserem Shop<\/a><\/div>\n<\/div>\n\n\n\n<p><\/p>\n","protected":false},"excerpt":{"rendered":"<p>Unseren Ebay Shop erreichen Sie hier: Liesenfeld Media Shop Wir versuchen stetig unser Angebot zu erweitern und freuen uns immer auf Vorschl\u00e4ge welche Produkte wir in unseren Shop aufnehmen sollten. Sollten Sie gr\u00f6\u00dfere Mengen ben\u00f6tigen oder suchen etwas was wir nicht in unserem Shop haben, schreiben Sie uns einfach an. Bei gr\u00f6\u00dferen Bestellmengen oder individuellen &hellip; <\/p>\n","protected":false},"author":1,"featured_media":0,"parent":0,"menu_order":0,"comment_status":"closed","ping_status":"closed","template":"","meta":{"footnotes":""},"class_list":["post-14","page","type-page","status-publish","hentry"],"_links":{"self":[{"href":"https:\/\/liesenfeld-media.de\/index.php?rest_route=\/wp\/v2\/pages\/14","targetHints":{"allow":["GET"]}}],"collection":[{"href":"https:\/\/liesenfeld-media.de\/index.php?rest_route=\/wp\/v2\/pages"}],"about":[{"href":"https:\/\/liesenfeld-media.de\/index.php?rest_route=\/wp\/v2\/types\/page"}],"author":[{"embeddable":true,"href":"https:\/\/liesenfeld-media.de\/index.php?rest_route=\/wp\/v2\/users\/1"}],"replies":[{"embeddable":true,"href":"https:\/\/liesenfeld-media.de\/index.php?rest_route=%2Fwp%2Fv2%2Fcomments&post=14"}],"version-history":[{"count":6,"href":"https:\/\/liesenfeld-media.de\/index.php?rest_route=\/wp\/v2\/pages\/14\/revisions"}],"predecessor-version":[{"id":103,"href":"https:\/\/liesenfeld-media.de\/index.php?rest_route=\/wp\/v2\/pages\/14\/revisions\/103"}],"wp:attachment":[{"href":"https:\/\/liesenfeld-media.de\/index.php?rest_route=%2Fwp%2Fv2%2Fmedia&parent=14"}],"curies":[{"name":"wp","href":"https:\/\/api.w.org\/{rel}","templated":true}]}}