{"id":13,"date":"2019-07-23T14:32:07","date_gmt":"2019-07-23T14:32:07","guid":{"rendered":"http:\/\/liesenfeld-media.de\/?page_id=13"},"modified":"2019-07-23T14:42:16","modified_gmt":"2019-07-23T14:42:16","slug":"impressum","status":"publish","type":"page","link":"https:\/\/liesenfeld-media.de\/?page_id=13","title":{"rendered":"Impressum"},"content":{"rendered":"\n<pre style=\"text-align:left\" class=\"wp-block-verse\"><strong> Angaben gem\u00e4\u00df \u00a7 5 TMG<br><br> Liesenfeld Media<br> Philipp Liesenfeld<br> Krufter Stra\u00dfe 2a<br> 56299 Ochtendung<br><br> Kontakt<br><br> Telefon: +49 (0) 2625-8644036<br> E-Mail: info@liesenfeld-media.de<br><br> Umsatzsteuer<br><br> Umsatzsteuer-Identifikationsnummer gem\u00e4\u00df \u00a727 a  Umsatzsteuergesetz:<br> DE 322474308 <br><br> Wir sind nicht bereit oder verpflichtet, an Streitbeilegungsverfahren vor einer Verbraucherschlichtungsstelle teilzunehmen.<br><br> Haftung f\u00fcr Inhalte<br><br> Als Diensteanbieter sind wir gem\u00e4\u00df \u00a7 7 Abs.1 TMG f\u00fcr eigene Inhalte  auf diesen Seiten nach den allgemeinen Gesetzen verantwortlich. Nach \u00a7\u00a7 8  bis 10 TMG sind wir als Diensteanbieter jedoch nicht verpflichtet,  \u00fcbermittelte oder gespeicherte fremde Informationen zu \u00fcberwachen oder  nach Umst\u00e4nden zu forschen, die auf eine rechtswidrige T\u00e4tigkeit  hinweisen.<br> Verpflichtungen zur Entfernung oder Sperrung der Nutzung von  Informationen nach den allgemeinen Gesetzen bleiben hiervon unber\u00fchrt.  Eine diesbez\u00fcgliche Haftung ist jedoch erst ab dem Zeitpunkt der  Kenntnis einer konkreten Rechtsverletzung m\u00f6glich. Bei Bekanntwerden von  entsprechenden Rechtsverletzungen werden wir diese Inhalte umgehend  entfernen.<br><br> Haftung f\u00fcr Links<br><br> Unser Angebot enth\u00e4lt Links zu externen Websites Dritter, auf deren  Inhalte wir keinen Einfluss haben. Deshalb k\u00f6nnen wir f\u00fcr diese fremden  Inhalte auch keine Gew\u00e4hr \u00fcbernehmen. F\u00fcr die Inhalte der verlinkten  Seiten ist stets der jeweilige Anbieter oder Betreiber der Seiten  verantwortlich. Die verlinkten Seiten wurden zum Zeitpunkt der  Verlinkung auf m\u00f6gliche Rechtsverst\u00f6\u00dfe \u00fcberpr\u00fcft. Rechtswidrige Inhalte  waren zum Zeitpunkt der Verlinkung nicht erkennbar.<br> Eine permanente inhaltliche Kontrolle der verlinkten Seiten ist  jedoch ohne konkrete Anhaltspunkte einer Rechtsverletzung nicht  zumutbar. Bei Bekanntwerden von Rechtsverletzungen werden wir derartige  Links umgehend entfernen.<br><br> Urheberrecht<br><br> Die durch die Seitenbetreiber erstellten Inhalte und Werke auf diesen  Seiten unterliegen dem deutschen Urheberrecht. Die Vervielf\u00e4ltigung,  Bearbeitung, Verbreitung und jede Art der Verwertung au\u00dferhalb der  Grenzen des Urheberrechtes bed\u00fcrfen der schriftlichen Zustimmung des  jeweiligen Autors bzw. Erstellers. Downloads und Kopien dieser Seite  sind nur f\u00fcr den privaten, nicht kommerziellen Gebrauch gestattet.<br> Soweit die Inhalte auf dieser Seite nicht vom Betreiber erstellt  wurden, werden die Urheberrechte Dritter beachtet. Insbesondere werden  Inhalte Dritter als solche gekennzeichnet. Sollten Sie trotzdem auf eine  Urheberrechtsverletzung aufmerksam werden, bitten wir um einen  entsprechenden Hinweis. Bei Bekanntwerden von Rechtsverletzungen werden  wir derartige Inhalte umgehend entfernen.<br><br><br> Quelle: <\/strong><a href=\"https:\/\/www.e-recht24.de\"><strong>eRecht24<\/strong><\/a><strong> <\/strong><\/pre>\n","protected":false},"excerpt":{"rendered":"<p>Angaben gem\u00e4\u00df \u00a7 5 TMG Liesenfeld Media Philipp Liesenfeld Krufter Stra\u00dfe 2a 56299 Ochtendung Kontakt Telefon: +49 (0) 2625-8644036 E-Mail: info@liesenfeld-media.de Umsatzsteuer Umsatzsteuer-Identifikationsnummer gem\u00e4\u00df \u00a727 a Umsatzsteuergesetz: DE 322474308 Wir sind nicht bereit oder verpflichtet, an Streitbeilegungsverfahren vor einer Verbraucherschlichtungsstelle teilzunehmen. Haftung f\u00fcr Inhalte Als Diensteanbieter sind wir gem\u00e4\u00df \u00a7 7 Abs.1 TMG f\u00fcr eigene &hellip; <\/p>\n","protected":false},"author":1,"featured_media":0,"parent":0,"menu_order":0,"comment_status":"closed","ping_status":"closed","template":"","meta":{"footnotes":""},"class_list":["post-13","page","type-page","status-publish","hentry"],"_links":{"self":[{"href":"https:\/\/liesenfeld-media.de\/index.php?rest_route=\/wp\/v2\/pages\/13","targetHints":{"allow":["GET"]}}],"collection":[{"href":"https:\/\/liesenfeld-media.de\/index.php?rest_route=\/wp\/v2\/pages"}],"about":[{"href":"https:\/\/liesenfeld-media.de\/index.php?rest_route=\/wp\/v2\/types\/page"}],"author":[{"embeddable":true,"href":"https:\/\/liesenfeld-media.de\/index.php?rest_route=\/wp\/v2\/users\/1"}],"replies":[{"embeddable":true,"href":"https:\/\/liesenfeld-media.de\/index.php?rest_route=%2Fwp%2Fv2%2Fcomments&post=13"}],"version-history":[{"count":2,"href":"https:\/\/liesenfeld-media.de\/index.php?rest_route=\/wp\/v2\/pages\/13\/revisions"}],"predecessor-version":[{"id":26,"href":"https:\/\/liesenfeld-media.de\/index.php?rest_route=\/wp\/v2\/pages\/13\/revisions\/26"}],"wp:attachment":[{"href":"https:\/\/liesenfeld-media.de\/index.php?rest_route=%2Fwp%2Fv2%2Fmedia&parent=13"}],"curies":[{"name":"wp","href":"https:\/\/api.w.org\/{rel}","templated":true}]}}