{"id":12,"date":"2019-07-23T14:32:07","date_gmt":"2019-07-23T14:32:07","guid":{"rendered":"http:\/\/liesenfeld-media.de\/?page_id=12"},"modified":"2026-04-27T17:16:45","modified_gmt":"2026-04-27T17:16:45","slug":"vermietung","status":"publish","type":"page","link":"https:\/\/liesenfeld-media.de\/?page_id=12","title":{"rendered":"Vermietung"},"content":{"rendered":"\n<p>Wir vermieten professionelle Ton- &amp; Lichttechnik, ebenso Zubeh\u00f6r wie Beispielsweise Traversen, Stative, Lifte, Absperrungen &amp; Kabelbr\u00fccken.<\/p>\n\n\n\n<p><\/p>\n\n\n\n<p>F\u00fcr Mietanfragen senden Sie bitte eine Email an <a href=\"mailto:info@liesenfeld.media.de\">info@liesenfeld.media.de<\/a> <\/p>\n\n\n\n<p>oder rufen Sie uns an unter 02625-8644036 oder 0151-24062875<\/p>\n\n\n\n<p><\/p>\n","protected":false},"excerpt":{"rendered":"<p>Wir vermieten professionelle Ton- &amp; Lichttechnik, ebenso Zubeh\u00f6r wie Beispielsweise Traversen, Stative, Lifte, Absperrungen &amp; Kabelbr\u00fccken. F\u00fcr Mietanfragen senden Sie bitte eine Email an info@liesenfeld.media.de oder rufen Sie uns an unter 02625-8644036 oder 0151-24062875<\/p>\n","protected":false},"author":1,"featured_media":0,"parent":0,"menu_order":0,"comment_status":"closed","ping_status":"closed","template":"","meta":{"_monsterinsights_skip_tracking":false,"_monsterinsights_sitenote_active":false,"_monsterinsights_sitenote_note":"","_monsterinsights_sitenote_category":0,"footnotes":""},"class_list":["post-12","page","type-page","status-publish","hentry"],"_links":{"self":[{"href":"https:\/\/liesenfeld-media.de\/index.php?rest_route=\/wp\/v2\/pages\/12","targetHints":{"allow":["GET"]}}],"collection":[{"href":"https:\/\/liesenfeld-media.de\/index.php?rest_route=\/wp\/v2\/pages"}],"about":[{"href":"https:\/\/liesenfeld-media.de\/index.php?rest_route=\/wp\/v2\/types\/page"}],"author":[{"embeddable":true,"href":"https:\/\/liesenfeld-media.de\/index.php?rest_route=\/wp\/v2\/users\/1"}],"replies":[{"embeddable":true,"href":"https:\/\/liesenfeld-media.de\/index.php?rest_route=%2Fwp%2Fv2%2Fcomments&post=12"}],"version-history":[{"count":6,"href":"https:\/\/liesenfeld-media.de\/index.php?rest_route=\/wp\/v2\/pages\/12\/revisions"}],"predecessor-version":[{"id":135,"href":"https:\/\/liesenfeld-media.de\/index.php?rest_route=\/wp\/v2\/pages\/12\/revisions\/135"}],"wp:attachment":[{"href":"https:\/\/liesenfeld-media.de\/index.php?rest_route=%2Fwp%2Fv2%2Fmedia&parent=12"}],"curies":[{"name":"wp","href":"https:\/\/api.w.org\/{rel}","templated":true}]}}