{"id":11,"date":"2019-07-23T14:32:07","date_gmt":"2019-07-23T14:32:07","guid":{"rendered":"http:\/\/liesenfeld-media.de\/?page_id=11"},"modified":"2022-12-15T21:41:49","modified_gmt":"2022-12-15T21:41:49","slug":"ueber-uns","status":"publish","type":"page","link":"https:\/\/liesenfeld-media.de\/?page_id=11","title":{"rendered":"\u00dcber uns"},"content":{"rendered":"\n<p>Liesenfeld Media bietet:<\/p>\n\n\n\n<ul class=\"wp-block-list\"><li>Vermietung von Licht- &amp; Tontechnik<\/li><li>Veranstaltungsservice<\/li><li>medizinische Dienstleistungen rund um Ihr Event<\/li><li>Shop f\u00fcr Veranstaltungstechnik<\/li><\/ul>\n\n\n\n<p>Wir bieten Ihnen den kompletten Service rund um Ihr Event.<\/p>\n\n\n\n<p>Je nach Gr\u00f6\u00dfe oder Umfang des Events arbeiten wir mit verschiedenen Partnerunternehmen zusammen, somit brauchen Sie sich um &#8222;fast&#8220; nichts zu k\u00fcmmern.<\/p>\n\n\n\n<p>Wir arbeiten derzeit mit <a href=\"https:\/\/www.buije.de\">Buij\u00e9 (beste Akustik-Rock Cover-Band in RLP)<\/a> und <a href=\"https:\/\/www.booom-live.de\">BoooM (Top 40 Rock Cover-Band)<\/a> zusammen<\/p>\n","protected":false},"excerpt":{"rendered":"<p>Liesenfeld Media bietet: Vermietung von Licht- &amp; Tontechnik Veranstaltungsservice medizinische Dienstleistungen rund um Ihr Event Shop f\u00fcr Veranstaltungstechnik Wir bieten Ihnen den kompletten Service rund um Ihr Event. Je nach Gr\u00f6\u00dfe oder Umfang des Events arbeiten wir mit verschiedenen Partnerunternehmen zusammen, somit brauchen Sie sich um &#8222;fast&#8220; nichts zu k\u00fcmmern. Wir arbeiten derzeit mit Buij\u00e9 &hellip; <\/p>\n","protected":false},"author":1,"featured_media":0,"parent":0,"menu_order":0,"comment_status":"closed","ping_status":"closed","template":"","meta":{"footnotes":""},"class_list":["post-11","page","type-page","status-publish","hentry"],"_links":{"self":[{"href":"https:\/\/liesenfeld-media.de\/index.php?rest_route=\/wp\/v2\/pages\/11","targetHints":{"allow":["GET"]}}],"collection":[{"href":"https:\/\/liesenfeld-media.de\/index.php?rest_route=\/wp\/v2\/pages"}],"about":[{"href":"https:\/\/liesenfeld-media.de\/index.php?rest_route=\/wp\/v2\/types\/page"}],"author":[{"embeddable":true,"href":"https:\/\/liesenfeld-media.de\/index.php?rest_route=\/wp\/v2\/users\/1"}],"replies":[{"embeddable":true,"href":"https:\/\/liesenfeld-media.de\/index.php?rest_route=%2Fwp%2Fv2%2Fcomments&post=11"}],"version-history":[{"count":8,"href":"https:\/\/liesenfeld-media.de\/index.php?rest_route=\/wp\/v2\/pages\/11\/revisions"}],"predecessor-version":[{"id":115,"href":"https:\/\/liesenfeld-media.de\/index.php?rest_route=\/wp\/v2\/pages\/11\/revisions\/115"}],"wp:attachment":[{"href":"https:\/\/liesenfeld-media.de\/index.php?rest_route=%2Fwp%2Fv2%2Fmedia&parent=11"}],"curies":[{"name":"wp","href":"https:\/\/api.w.org\/{rel}","templated":true}]}}